{"id":1295,"date":"2025-05-05T17:18:17","date_gmt":"2025-05-05T15:18:17","guid":{"rendered":"https:\/\/tcleslilas.fr\/?page_id=1295"},"modified":"2025-05-05T18:41:07","modified_gmt":"2025-05-05T16:41:07","slug":"championnats-par-equipe","status":"publish","type":"page","link":"https:\/\/tcleslilas.fr\/index.php\/competition-2\/championnats-par-equipe\/","title":{"rendered":"Championnat \u00e9quipe"},"content":{"rendered":"\n<p style=\"font-size:clamp(1.403rem, 1.403rem + ((1vw - 0.2rem) * 1.495), 2.3rem);\">Printemps &#8211; \u00e9t\u00e9 2025<br><\/p>\n\n\n\n<p style=\"font-size:clamp(1.403rem, 1.403rem + ((1vw - 0.2rem) * 1.495), 2.3rem);\">1\u00e8re Journ\u00e9e<\/p>\n\n\n\n<figure data-wp-context=\"{&quot;imageId&quot;:&quot;69ee2118d0f8a&quot;}\" data-wp-interactive=\"core\/image\" data-wp-key=\"69ee2118d0f8a\" class=\"wp-block-image size-full is-resized has-custom-border wp-lightbox-container\"><img loading=\"lazy\" decoding=\"async\" width=\"1080\" height=\"1080\" data-wp-class--hide=\"state.isContentHidden\" data-wp-class--show=\"state.isContentVisible\" data-wp-init=\"callbacks.setButtonStyles\" data-wp-on--click=\"actions.showLightbox\" data-wp-on--load=\"callbacks.setButtonStyles\" data-wp-on-window--resize=\"callbacks.setButtonStyles\" src=\"https:\/\/tcleslilas.fr\/wp-content\/uploads\/2025\/05\/0b24d970-4481-47a0-8c3b-42b84ce87fb0.jpg\" alt=\"\" class=\"has-border-color wp-image-1298\" style=\"border-color:#ffffff;border-width:10px;border-radius:19px;width:557px;height:auto\" srcset=\"https:\/\/tcleslilas.fr\/wp-content\/uploads\/2025\/05\/0b24d970-4481-47a0-8c3b-42b84ce87fb0.jpg 1080w, https:\/\/tcleslilas.fr\/wp-content\/uploads\/2025\/05\/0b24d970-4481-47a0-8c3b-42b84ce87fb0-300x300.jpg 300w, https:\/\/tcleslilas.fr\/wp-content\/uploads\/2025\/05\/0b24d970-4481-47a0-8c3b-42b84ce87fb0-1024x1024.jpg 1024w, https:\/\/tcleslilas.fr\/wp-content\/uploads\/2025\/05\/0b24d970-4481-47a0-8c3b-42b84ce87fb0-150x150.jpg 150w, https:\/\/tcleslilas.fr\/wp-content\/uploads\/2025\/05\/0b24d970-4481-47a0-8c3b-42b84ce87fb0-768x768.jpg 768w\" sizes=\"auto, (max-width: 1080px) 100vw, 1080px\" \/><button\n\t\t\tclass=\"lightbox-trigger\"\n\t\t\ttype=\"button\"\n\t\t\taria-haspopup=\"dialog\"\n\t\t\taria-label=\"Agrandir\"\n\t\t\tdata-wp-init=\"callbacks.initTriggerButton\"\n\t\t\tdata-wp-on--click=\"actions.showLightbox\"\n\t\t\tdata-wp-style--right=\"state.imageButtonRight\"\n\t\t\tdata-wp-style--top=\"state.imageButtonTop\"\n\t\t>\n\t\t\t<svg xmlns=\"http:\/\/www.w3.org\/2000\/svg\" width=\"12\" height=\"12\" fill=\"none\" viewBox=\"0 0 12 12\">\n\t\t\t\t<path fill=\"#fff\" d=\"M2 0a2 2 0 0 0-2 2v2h1.5V2a.5.5 0 0 1 .5-.5h2V0H2Zm2 10.5H2a.5.5 0 0 1-.5-.5V8H0v2a2 2 0 0 0 2 2h2v-1.5ZM8 12v-1.5h2a.5.5 0 0 0 .5-.5V8H12v2a2 2 0 0 1-2 2H8Zm2-12a2 2 0 0 1 2 2v2h-1.5V2a.5.5 0 0 0-.5-.5H8V0h2Z\" \/>\n\t\t\t<\/svg>\n\t\t<\/button><\/figure>\n\n\n\n<figure data-wp-context=\"{&quot;imageId&quot;:&quot;69ee2118d145e&quot;}\" data-wp-interactive=\"core\/image\" data-wp-key=\"69ee2118d145e\" class=\"wp-block-image size-full is-resized has-custom-border wp-lightbox-container\"><img loading=\"lazy\" decoding=\"async\" width=\"1080\" height=\"1080\" data-wp-class--hide=\"state.isContentHidden\" data-wp-class--show=\"state.isContentVisible\" data-wp-init=\"callbacks.setButtonStyles\" data-wp-on--click=\"actions.showLightbox\" data-wp-on--load=\"callbacks.setButtonStyles\" data-wp-on-window--resize=\"callbacks.setButtonStyles\" src=\"https:\/\/tcleslilas.fr\/wp-content\/uploads\/2025\/05\/3f7ff922-1702-4a9d-9d61-de2fe44b7304.jpg\" alt=\"\" class=\"has-border-color wp-image-1297\" style=\"border-color:#ffffff;border-width:10px;border-radius:20px;width:557px;height:auto\" srcset=\"https:\/\/tcleslilas.fr\/wp-content\/uploads\/2025\/05\/3f7ff922-1702-4a9d-9d61-de2fe44b7304.jpg 1080w, https:\/\/tcleslilas.fr\/wp-content\/uploads\/2025\/05\/3f7ff922-1702-4a9d-9d61-de2fe44b7304-300x300.jpg 300w, https:\/\/tcleslilas.fr\/wp-content\/uploads\/2025\/05\/3f7ff922-1702-4a9d-9d61-de2fe44b7304-1024x1024.jpg 1024w, https:\/\/tcleslilas.fr\/wp-content\/uploads\/2025\/05\/3f7ff922-1702-4a9d-9d61-de2fe44b7304-150x150.jpg 150w, https:\/\/tcleslilas.fr\/wp-content\/uploads\/2025\/05\/3f7ff922-1702-4a9d-9d61-de2fe44b7304-768x768.jpg 768w\" sizes=\"auto, (max-width: 1080px) 100vw, 1080px\" \/><button\n\t\t\tclass=\"lightbox-trigger\"\n\t\t\ttype=\"button\"\n\t\t\taria-haspopup=\"dialog\"\n\t\t\taria-label=\"Agrandir\"\n\t\t\tdata-wp-init=\"callbacks.initTriggerButton\"\n\t\t\tdata-wp-on--click=\"actions.showLightbox\"\n\t\t\tdata-wp-style--right=\"state.imageButtonRight\"\n\t\t\tdata-wp-style--top=\"state.imageButtonTop\"\n\t\t>\n\t\t\t<svg xmlns=\"http:\/\/www.w3.org\/2000\/svg\" width=\"12\" height=\"12\" fill=\"none\" viewBox=\"0 0 12 12\">\n\t\t\t\t<path fill=\"#fff\" d=\"M2 0a2 2 0 0 0-2 2v2h1.5V2a.5.5 0 0 1 .5-.5h2V0H2Zm2 10.5H2a.5.5 0 0 1-.5-.5V8H0v2a2 2 0 0 0 2 2h2v-1.5ZM8 12v-1.5h2a.5.5 0 0 0 .5-.5V8H12v2a2 2 0 0 1-2 2H8Zm2-12a2 2 0 0 1 2 2v2h-1.5V2a.5.5 0 0 0-.5-.5H8V0h2Z\" \/>\n\t\t\t<\/svg>\n\t\t<\/button><\/figure>\n\n\n\n<figure data-wp-context=\"{&quot;imageId&quot;:&quot;69ee2118d181e&quot;}\" data-wp-interactive=\"core\/image\" data-wp-key=\"69ee2118d181e\" class=\"wp-block-image size-full is-resized has-custom-border wp-lightbox-container\"><img loading=\"lazy\" decoding=\"async\" width=\"1080\" height=\"1080\" data-wp-class--hide=\"state.isContentHidden\" data-wp-class--show=\"state.isContentVisible\" data-wp-init=\"callbacks.setButtonStyles\" data-wp-on--click=\"actions.showLightbox\" data-wp-on--load=\"callbacks.setButtonStyles\" data-wp-on-window--resize=\"callbacks.setButtonStyles\" src=\"https:\/\/tcleslilas.fr\/wp-content\/uploads\/2025\/05\/cfa600fc-0c9b-4d52-a2f4-917229a172fd.jpg\" alt=\"\" class=\"has-border-color wp-image-1296\" style=\"border-color:#ffffff;border-width:10px;border-radius:20px;width:557px;height:auto\" srcset=\"https:\/\/tcleslilas.fr\/wp-content\/uploads\/2025\/05\/cfa600fc-0c9b-4d52-a2f4-917229a172fd.jpg 1080w, https:\/\/tcleslilas.fr\/wp-content\/uploads\/2025\/05\/cfa600fc-0c9b-4d52-a2f4-917229a172fd-300x300.jpg 300w, https:\/\/tcleslilas.fr\/wp-content\/uploads\/2025\/05\/cfa600fc-0c9b-4d52-a2f4-917229a172fd-1024x1024.jpg 1024w, https:\/\/tcleslilas.fr\/wp-content\/uploads\/2025\/05\/cfa600fc-0c9b-4d52-a2f4-917229a172fd-150x150.jpg 150w, https:\/\/tcleslilas.fr\/wp-content\/uploads\/2025\/05\/cfa600fc-0c9b-4d52-a2f4-917229a172fd-768x768.jpg 768w\" sizes=\"auto, (max-width: 1080px) 100vw, 1080px\" \/><button\n\t\t\tclass=\"lightbox-trigger\"\n\t\t\ttype=\"button\"\n\t\t\taria-haspopup=\"dialog\"\n\t\t\taria-label=\"Agrandir\"\n\t\t\tdata-wp-init=\"callbacks.initTriggerButton\"\n\t\t\tdata-wp-on--click=\"actions.showLightbox\"\n\t\t\tdata-wp-style--right=\"state.imageButtonRight\"\n\t\t\tdata-wp-style--top=\"state.imageButtonTop\"\n\t\t>\n\t\t\t<svg xmlns=\"http:\/\/www.w3.org\/2000\/svg\" width=\"12\" height=\"12\" fill=\"none\" viewBox=\"0 0 12 12\">\n\t\t\t\t<path fill=\"#fff\" d=\"M2 0a2 2 0 0 0-2 2v2h1.5V2a.5.5 0 0 1 .5-.5h2V0H2Zm2 10.5H2a.5.5 0 0 1-.5-.5V8H0v2a2 2 0 0 0 2 2h2v-1.5ZM8 12v-1.5h2a.5.5 0 0 0 .5-.5V8H12v2a2 2 0 0 1-2 2H8Zm2-12a2 2 0 0 1 2 2v2h-1.5V2a.5.5 0 0 0-.5-.5H8V0h2Z\" \/>\n\t\t\t<\/svg>\n\t\t<\/button><\/figure>\n","protected":false},"excerpt":{"rendered":"<p>Printemps &#8211; \u00e9t\u00e9 2025 1\u00e8re Journ\u00e9e<\/p>\n","protected":false},"author":2,"featured_media":0,"parent":1306,"menu_order":0,"comment_status":"closed","ping_status":"closed","template":"","meta":{"_EventAllDay":false,"_EventTimezone":"","_EventStartDate":"","_EventEndDate":"","_EventStartDateUTC":"","_EventEndDateUTC":"","_EventShowMap":false,"_EventShowMapLink":false,"_EventURL":"","_EventCost":"","_EventCostDescription":"","_EventCurrencySymbol":"","_EventCurrencyCode":"","_EventCurrencyPosition":"","_EventDateTimeSeparator":"","_EventTimeRangeSeparator":"","_EventOrganizerID":[],"_EventVenueID":[],"_OrganizerEmail":"","_OrganizerPhone":"","_OrganizerWebsite":"","_VenueAddress":"","_VenueCity":"","_VenueCountry":"","_VenueProvince":"","_VenueState":"","_VenueZip":"","_VenuePhone":"","_VenueURL":"","_VenueStateProvince":"","_VenueLat":"","_VenueLng":"","_VenueShowMap":false,"_VenueShowMapLink":false,"footnotes":""},"class_list":["post-1295","page","type-page","status-publish","hentry"],"_links":{"self":[{"href":"https:\/\/tcleslilas.fr\/index.php\/wp-json\/wp\/v2\/pages\/1295","targetHints":{"allow":["GET"]}}],"collection":[{"href":"https:\/\/tcleslilas.fr\/index.php\/wp-json\/wp\/v2\/pages"}],"about":[{"href":"https:\/\/tcleslilas.fr\/index.php\/wp-json\/wp\/v2\/types\/page"}],"author":[{"embeddable":true,"href":"https:\/\/tcleslilas.fr\/index.php\/wp-json\/wp\/v2\/users\/2"}],"replies":[{"embeddable":true,"href":"https:\/\/tcleslilas.fr\/index.php\/wp-json\/wp\/v2\/comments?post=1295"}],"version-history":[{"count":5,"href":"https:\/\/tcleslilas.fr\/index.php\/wp-json\/wp\/v2\/pages\/1295\/revisions"}],"predecessor-version":[{"id":1343,"href":"https:\/\/tcleslilas.fr\/index.php\/wp-json\/wp\/v2\/pages\/1295\/revisions\/1343"}],"up":[{"embeddable":true,"href":"https:\/\/tcleslilas.fr\/index.php\/wp-json\/wp\/v2\/pages\/1306"}],"wp:attachment":[{"href":"https:\/\/tcleslilas.fr\/index.php\/wp-json\/wp\/v2\/media?parent=1295"}],"curies":[{"name":"wp","href":"https:\/\/api.w.org\/{rel}","templated":true}]}}