{"id":1463,"date":"2025-06-26T15:28:13","date_gmt":"2025-06-26T13:28:13","guid":{"rendered":"https:\/\/tcleslilas.fr\/?page_id=1463"},"modified":"2025-06-26T15:33:49","modified_gmt":"2025-06-26T13:33:49","slug":"cotisations-2026","status":"publish","type":"page","link":"https:\/\/tcleslilas.fr\/index.php\/le-club\/cotisations-2026\/","title":{"rendered":"Cotisations"},"content":{"rendered":"\n<p class=\"has-text-align-center has-heading-font-family\"><strong>Saison 2025\/2026<\/strong><br><\/p>\n\n\n\n<p class=\"has-heading-font-family has-small-font-size\" style=\"margin-top:0;margin-right:0;margin-bottom:0;margin-left:0;padding-top:0;padding-right:0;padding-bottom:0;padding-left:0\"><br>Les tarifs PADEL sont disponibles sur <a href=\"https:\/\/tcleslilas.fr\/index.php\/le-club\/cotisations-padel-2026\/\" data-type=\"page\" data-id=\"1092\">cette page<\/a>.<br>Familles &amp; \u00e9tudiants-tes, des r\u00e9ductions s&rsquo;appliquent ! (voir en fin de page)<\/p>\n\n\n\n<h3 class=\"wp-block-heading\"><strong>TENNIS JEU LIBRE<\/strong><br>Courts int\u00e9rieurs \/ ext\u00e9rieurs<\/h3>\n\n\n\n<figure class=\"wp-block-table is-style-regular has-heading-font-family\" style=\"margin-top:0;margin-right:0;margin-bottom:0;margin-left:0\"><table class=\"has-base-2-background-color has-text-color has-background has-link-color\" style=\"color:#31aae9;border-width:2px\"><thead><tr><th>Offres<\/th><th class=\"has-text-align-center\" data-align=\"center\">Lilasien \/ +4*<\/th><th class=\"has-text-align-center\" data-align=\"center\">Non Lilasien<\/th><\/tr><\/thead><tbody><tr><td>Adulte Saison (Nouvelle Inscription)<\/td><td class=\"has-text-align-center\" data-align=\"center\">295\u20ac<\/td><td class=\"has-text-align-center\" data-align=\"center\">365\u20ac<\/td><\/tr><tr><td>Adulte Saison (R\u00e9inscription)<\/td><td class=\"has-text-align-center\" data-align=\"center\">250\u20ac<\/td><td class=\"has-text-align-center\" data-align=\"center\">320\u20ac<\/td><\/tr><tr><td>Adulte   3 mois cons\u00e9cutifs<\/td><td class=\"has-text-align-center\" data-align=\"center\">150\u20ac<\/td><td class=\"has-text-align-center\" data-align=\"center\">170\u20ac<\/td><\/tr><tr><td>Adulte   1 mois<\/td><td class=\"has-text-align-center\" data-align=\"center\">75\u20ac<\/td><td class=\"has-text-align-center\" data-align=\"center\">85\u20ac<\/td><\/tr><tr><td>Jeunes n\u00e9s en 2008 et apr\u00e8s<\/td><td class=\"has-text-align-center\" data-align=\"center\">200\u20ac<\/td><td class=\"has-text-align-center\" data-align=\"center\">250\u20ac<\/td><\/tr><\/tbody><\/table><figcaption class=\"wp-element-caption\"><strong>* Lilasien ou adh\u00e9rent \u00e0 partir de la 4\u00e8me ann\u00e9e d&rsquo;adh\u00e9sion<\/strong><br>Dans la limite des places disponibles, licence multi-raquettes incluse<\/figcaption><\/figure>\n\n\n\n<h3 class=\"wp-block-heading\"><strong>TENNIS ENSEIGNEMENT<\/strong><br>ENFANTS \/ ADOS<\/h3>\n\n\n\n<div class=\"wp-block-columns is-layout-flex wp-container-core-columns-is-layout-28f84493 wp-block-columns-is-layout-flex\">\n<div class=\"wp-block-column is-layout-flow wp-block-column-is-layout-flow\" style=\"flex-basis:20%\">\n<figure class=\"wp-block-image size-full is-resized\" style=\"margin-right:var(--wp--preset--spacing--20);margin-left:var(--wp--preset--spacing--20)\"><img loading=\"lazy\" decoding=\"async\" width=\"512\" height=\"512\" src=\"https:\/\/tcleslilas.fr\/wp-content\/uploads\/2025\/06\/promotion_10434257.png\" alt=\"\" class=\"wp-image-1466\" style=\"width:64px;height:auto\" srcset=\"https:\/\/tcleslilas.fr\/wp-content\/uploads\/2025\/06\/promotion_10434257.png 512w, https:\/\/tcleslilas.fr\/wp-content\/uploads\/2025\/06\/promotion_10434257-300x300.png 300w, https:\/\/tcleslilas.fr\/wp-content\/uploads\/2025\/06\/promotion_10434257-150x150.png 150w\" sizes=\"auto, (max-width: 512px) 100vw, 512px\" \/><\/figure>\n<\/div>\n\n\n\n<div class=\"wp-block-column is-layout-flow wp-block-column-is-layout-flow\" style=\"flex-basis:80%\">\n<p class=\"has-small-font-size\"><strong>Nouveau pour les jeunes Lilasiens<\/strong> : Obtenez une r\u00e9duction de votre adh\u00e9sion pouvant aller jusqu\u2019\u00e0 50% selon votre quotient familial \u2013 Contactez-nous pour plus d\u2019informations<\/p>\n<\/div>\n<\/div>\n\n\n\n<figure style=\"margin-top:0;margin-bottom:0;padding-top:0;padding-bottom:0\" class=\"wp-block-table has-heading-font-family has-medium-font-size\"><table class=\"has-text-color has-background has-link-color\" style=\"color:#60b868;background-color:#e2f9e7;border-width:2px\"><thead><tr><th class=\"has-text-align-center\" data-align=\"center\">Offres<\/th><th class=\"has-text-align-center\" data-align=\"center\">Lilasien \/ +4*<\/th><th class=\"has-text-align-center\" data-align=\"center\">Non Lilasien<\/th><\/tr><\/thead><tbody><tr><td class=\"has-text-align-center\" data-align=\"center\"><strong>Mini Tennis<\/strong> 4-6 ans<br>1h\/semaine<\/td><td class=\"has-text-align-center\" data-align=\"center\">230\u20ac<\/td><td class=\"has-text-align-center\" data-align=\"center\">270\u20ac<\/td><\/tr><tr><td class=\"has-text-align-center\" data-align=\"center\"><strong>Mini Tennis PLUS<\/strong> 4-6 ans<br>2h\/semaine<br>(sur s\u00e9lection de l&rsquo;\u00e9quipe p\u00e9dagogique)<\/td><td class=\"has-text-align-center\" data-align=\"center\">290\u20ac<\/td><td class=\"has-text-align-center\" data-align=\"center\">330\u20ac<\/td><\/tr><tr><td class=\"has-text-align-center\" data-align=\"center\"><strong>Galaxie Tennis <\/strong>7-12 ans<br>1h\/semaine<\/td><td class=\"has-text-align-center\" data-align=\"center\">310\u20ac<\/td><td class=\"has-text-align-center\" data-align=\"center\">350\u20ac<\/td><\/tr><tr><td class=\"has-text-align-center\" data-align=\"center\"><strong>Galaxie Tennis PLUS <\/strong>7-12 ans<br>1h\/semaine<br>+ 1 match ou physique en ext\u00e9rieur\/ semaine<\/td><td class=\"has-text-align-center\" data-align=\"center\">400\u20ac<\/td><td class=\"has-text-align-center\" data-align=\"center\">450\u20ac<\/td><\/tr><tr><td class=\"has-text-align-center\" data-align=\"center\"><strong>Comp\u00e9tition Jeunes<\/strong> 7-17 ans<br>2h\/semaine<br>+ pr\u00e9paration physique<\/td><td class=\"has-text-align-center\" data-align=\"center\">470\u20ac<\/td><td class=\"has-text-align-center\" data-align=\"center\">530\u20ac<\/td><\/tr><tr><td class=\"has-text-align-center\" data-align=\"center\"><strong>Club Ados<\/strong> 13-17 ans<br>1h\/semaine<br><br>possibilit\u00e9 d&rsquo;une 2\u00e8me heure : +160\u20ac <br>(en suppl\u00e9ment)<\/td><td class=\"has-text-align-center\" data-align=\"center\">400\u20ac<\/td><td class=\"has-text-align-center\" data-align=\"center\">450\u20ac<\/td><\/tr><tr><td class=\"has-text-align-center\" data-align=\"center\"><strong>OPTION <\/strong>: acc\u00e8s aux courts int\u00e9rieurs <br>en jeu libre<br>(pour les mineurs)<\/td><td class=\"has-text-align-center\" data-align=\"center\">70\u20ac<\/td><td class=\"has-text-align-center\" data-align=\"center\">70\u20ac<\/td><\/tr><\/tbody><\/table><figcaption class=\"wp-element-caption\"><strong>* Lilasien ou adh\u00e9rent \u00e0 partir de la 4\u00e8me ann\u00e9e d&rsquo;adh\u00e9sion<\/strong><br>Base de 30 semaines, hors vacances scolaires, dans la limite des places disponibles<\/figcaption><\/figure>\n\n\n\n<h3 class=\"wp-block-heading\"><strong>TENNIS ENSEIGNEMENT<\/strong><br>ADULTES<\/h3>\n\n\n\n<figure style=\"margin-top:0;margin-bottom:0\" class=\"wp-block-table has-heading-font-family has-medium-font-size\"><table class=\"has-text-color has-background has-link-color\" style=\"color:#60b868;background-color:#e2f9e7;border-width:2px\"><thead><tr><th class=\"has-text-align-center\" data-align=\"center\">Offres<\/th><th class=\"has-text-align-center\" data-align=\"center\">Lilasien \/ +4*<\/th><th class=\"has-text-align-center\" data-align=\"center\">Non Lilasien<\/th><\/tr><\/thead><tbody><tr><td class=\"has-text-align-center\" data-align=\"center\"><strong>Adulte (Nouvelle inscription)<\/strong> &#8211; 18+<br>1h\/semaine<br><br>possibilit\u00e9 d&rsquo;une 2\u00e8me heure : + 250\u20ac<br>(en suppl\u00e9ment)<\/td><td class=\"has-text-align-center\" data-align=\"center\" colspan=\"2\">750\u20ac<\/td><\/tr><tr><td class=\"has-text-align-center\" data-align=\"center\"><strong>Adulte (R\u00e9inscription)<\/strong> 18+<br>1h\/semaine<br><br>possibilit\u00e9 d&rsquo;une 2\u00e8me heure : + 250\u20ac<br>(en suppl\u00e9ment)<\/td><td class=\"has-text-align-center\" data-align=\"center\" colspan=\"2\">660\u20ac<\/td><\/tr><\/tbody><\/table><figcaption class=\"wp-element-caption\"><strong>* Lilasien ou adh\u00e9rent \u00e0 partir de la 4\u00e8me ann\u00e9e d&rsquo;adh\u00e9sion<\/strong><br>Base de 30 semaines, hors vacances scolaires, dans la limite des places disponibles<br>Jeu libre courts ext\u00e9rieurs \/ int\u00e9rieurs inclus<br>Licence multi-raquettes incluse<\/figcaption><\/figure>\n\n\n\n<h3 class=\"wp-block-heading\"><strong>\u00c9QUIPES\/SENIOR\/ENTRAINEMENT<\/strong><br>Courts int\u00e9rieurs \/ ext\u00e9rieurs<\/h3>\n\n\n\n<figure style=\"margin-top:0;margin-bottom:0\" class=\"wp-block-table has-heading-font-family has-medium-font-size\"><table class=\"has-text-color has-background has-link-color\" style=\"color:#e6a80a;background-color:#fffae9;border-width:2px\"><thead><tr><th class=\"has-text-align-center\" data-align=\"center\">Offres<\/th><th class=\"has-text-align-center\" data-align=\"center\">Tarif *<\/th><\/tr><\/thead><tbody><tr><td class=\"has-text-align-center\" data-align=\"center\"><strong>2\u00e8me s\u00e9rie<\/strong> (15 \u00e0 -30)<\/td><td class=\"has-text-align-center\" data-align=\"center\" colspan=\"2\">390 \u20ac<\/td><\/tr><tr><td class=\"has-text-align-center\" data-align=\"center\"><strong>3\u00e8me s\u00e9rie<\/strong> (30 \u00e0 15\/1)<\/td><td class=\"has-text-align-center\" data-align=\"center\">490 \u20ac<\/td><\/tr><tr><td class=\"has-text-align-center\" data-align=\"center\"><strong>4\u00e8me s\u00e9rie<\/strong> (30\/1 uniquement)<\/td><td class=\"has-text-align-center\" data-align=\"center\" colspan=\"2\">590 \u20ac<\/td><\/tr><\/tbody><\/table><figcaption class=\"wp-element-caption\">* <strong>tarif \u00e9quipe sous r\u00e9serve d&rsquo;un engagement de participation minimum aux couleurs du clu<\/strong>b<br>Licence multi-raquettes incluse<\/figcaption><\/figure>\n\n\n\n<h3 class=\"wp-block-heading\"><strong>R\u00c9DUCTIONS<\/strong><br>FAMILLES \/ \u00c9TUDIANTS-TES<\/h3>\n\n\n\n<figure style=\"margin-top:0;margin-bottom:0\" class=\"wp-block-table has-heading-font-family has-medium-font-size\"><table class=\"has-text-color has-background has-link-color\" style=\"color:#d2a772;background-color:#f9f6ed;border-width:2px\"><thead><tr><th class=\"has-text-align-center\" data-align=\"center\" colspan=\"2\">R\u00e9ductions FAMILLES (enfant + parent)<\/th><\/tr><\/thead><tbody><tr><td class=\"has-text-align-center\" data-align=\"center\">3 adh\u00e9rents<\/td><td class=\"has-text-align-center\" data-align=\"center\" colspan=\"2\">-5% sur les adh\u00e9sions enfant<\/td><\/tr><tr><td class=\"has-text-align-center\" data-align=\"center\">4 adh\u00e9rents<\/td><td class=\"has-text-align-center\" data-align=\"center\">-10% sur les adh\u00e9sions enfant<\/td><\/tr><tr><td class=\"has-text-align-center\" data-align=\"center\">5 adh\u00e9rents<\/td><td class=\"has-text-align-center\" data-align=\"center\">-15% sur les adh\u00e9sions enfant<\/td><\/tr><tr><td class=\"has-text-align-center\" data-align=\"center\" colspan=\"2\"><strong>R\u00e9ductions \u00c9TUDIANTS-TES<\/strong><\/td><\/tr><tr><td class=\"has-text-align-center\" data-align=\"center\">\u00c9tudiant-e entre 18 et 26 ans inclus<br>(sur pr\u00e9sentation d&rsquo;un justificatif)<\/td><td class=\"has-text-align-center\" data-align=\"center\">-25%<\/td><\/tr><\/tbody><\/table><figcaption class=\"wp-element-caption\">Les r\u00e9ductions ne sont pas cumulables.<\/figcaption><\/figure>\n","protected":false},"excerpt":{"rendered":"<p>Saison 2025\/2026 Les tarifs PADEL sont disponibles sur cette page.Familles &amp; \u00e9tudiants-tes, des r\u00e9ductions s&rsquo;appliquent ! (voir en fin de page) TENNIS JEU LIBRECourts int\u00e9rieurs \/ ext\u00e9rieurs Offres Lilasien \/ [&hellip;]<\/p>\n","protected":false},"author":3,"featured_media":0,"parent":270,"menu_order":0,"comment_status":"closed","ping_status":"closed","template":"page-moins-despacement","meta":{"_EventAllDay":false,"_EventTimezone":"","_EventStartDate":"","_EventEndDate":"","_EventStartDateUTC":"","_EventEndDateUTC":"","_EventShowMap":false,"_EventShowMapLink":false,"_EventURL":"","_EventCost":"","_EventCostDescription":"","_EventCurrencySymbol":"","_EventCurrencyCode":"","_EventCurrencyPosition":"","_EventDateTimeSeparator":"","_EventTimeRangeSeparator":"","_EventOrganizerID":[],"_EventVenueID":[],"_OrganizerEmail":"","_OrganizerPhone":"","_OrganizerWebsite":"","_VenueAddress":"","_VenueCity":"","_VenueCountry":"","_VenueProvince":"","_VenueState":"","_VenueZip":"","_VenuePhone":"","_VenueURL":"","_VenueStateProvince":"","_VenueLat":"","_VenueLng":"","_VenueShowMap":false,"_VenueShowMapLink":false,"footnotes":""},"class_list":["post-1463","page","type-page","status-publish","hentry"],"_links":{"self":[{"href":"https:\/\/tcleslilas.fr\/index.php\/wp-json\/wp\/v2\/pages\/1463","targetHints":{"allow":["GET"]}}],"collection":[{"href":"https:\/\/tcleslilas.fr\/index.php\/wp-json\/wp\/v2\/pages"}],"about":[{"href":"https:\/\/tcleslilas.fr\/index.php\/wp-json\/wp\/v2\/types\/page"}],"author":[{"embeddable":true,"href":"https:\/\/tcleslilas.fr\/index.php\/wp-json\/wp\/v2\/users\/3"}],"replies":[{"embeddable":true,"href":"https:\/\/tcleslilas.fr\/index.php\/wp-json\/wp\/v2\/comments?post=1463"}],"version-history":[{"count":3,"href":"https:\/\/tcleslilas.fr\/index.php\/wp-json\/wp\/v2\/pages\/1463\/revisions"}],"predecessor-version":[{"id":1472,"href":"https:\/\/tcleslilas.fr\/index.php\/wp-json\/wp\/v2\/pages\/1463\/revisions\/1472"}],"up":[{"embeddable":true,"href":"https:\/\/tcleslilas.fr\/index.php\/wp-json\/wp\/v2\/pages\/270"}],"wp:attachment":[{"href":"https:\/\/tcleslilas.fr\/index.php\/wp-json\/wp\/v2\/media?parent=1463"}],"curies":[{"name":"wp","href":"https:\/\/api.w.org\/{rel}","templated":true}]}}