{"id":1470,"date":"2025-06-26T15:32:09","date_gmt":"2025-06-26T13:32:09","guid":{"rendered":"https:\/\/tcleslilas.fr\/?page_id=1470"},"modified":"2025-09-04T11:18:30","modified_gmt":"2025-09-04T09:18:30","slug":"cotisations-padel-2026","status":"publish","type":"page","link":"https:\/\/tcleslilas.fr\/index.php\/le-club\/cotisations-padel-2026\/","title":{"rendered":"Cotisations Padel"},"content":{"rendered":"\n<p class=\"has-text-align-center has-heading-font-family\"><strong>Saison 2025\/2026<\/strong><\/p>\n\n\n\n<p class=\"has-heading-font-family has-small-font-size\" style=\"margin-top:var(--wp--preset--spacing--10);margin-bottom:var(--wp--preset--spacing--10)\">Les tarifs TENNIS sont disponibles sur <a href=\"https:\/\/tcleslilas.fr\/index.php\/le-club\/cotisations-2026\/\" data-type=\"page\" data-id=\"856\">cette page<\/a>.<\/p>\n\n\n\n<h3 class=\"wp-block-heading\"><strong>PADEL JEU LIBRE<\/strong><br>Courts semi-couverts<\/h3>\n\n\n\n<figure class=\"wp-block-table is-style-regular has-heading-font-family has-small-font-size\" style=\"margin-top:0;margin-right:0;margin-bottom:0;margin-left:0\"><table class=\"has-base-2-background-color has-text-color has-background has-link-color\" style=\"color:#31aae9;border-width:2px\"><thead><tr><th>Offres<\/th><th class=\"has-text-align-center\" data-align=\"center\">Lilasien \/ +4*<\/th><th class=\"has-text-align-center\" data-align=\"center\">Non Lilasien<\/th><\/tr><\/thead><tbody><tr><td>Adh\u00e9sion Adulte Occasionnel<\/td><td class=\"has-text-align-center\" data-align=\"center\">50 \u20ac<\/td><td class=\"has-text-align-center\" data-align=\"center\">100 \u20ac<\/td><\/tr><tr><td>Adh\u00e9sion Adulte R\u00e9gulier **<\/td><td class=\"has-text-align-center\" data-align=\"center\">254 \u20ac<\/td><td class=\"has-text-align-center\" data-align=\"center\">354 \u20ac<\/td><\/tr><tr><td>Licence Padel (obligatoire)<\/td><td class=\"has-text-align-center\" data-align=\"center\" colspan=\"2\">26 \u20ac<\/td><\/tr><tr><td>Adh\u00e9sion Adulte Occasionnel<br><sup>si adh\u00e9rent Tennis 2024\/2025<\/sup> <sup>***<\/sup><\/td><td class=\"has-text-align-center\" data-align=\"center\" colspan=\"2\">OFFERTE<\/td><\/tr><tr><td>R\u00e9servation terrain 1h30<\/td><td class=\"has-text-align-center\" data-align=\"center\" colspan=\"2\">5 \u20ac \/ joueur adh\u00e9rent<br>10 \u20ac \/ joueur non adh\u00e9rent invit\u00e9<sup>****<\/sup><\/td><\/tr><\/tbody><\/table><figcaption class=\"wp-element-caption\"><strong>* Lilasien ou adh\u00e9rent \u00e0 partir de la 4\u00e8me ann\u00e9e d&rsquo;adh\u00e9sion<\/strong><br>** R\u00e9servation des terrains en illimit\u00e9 : 1 r\u00e9servation \u00e0 la fois et 72h \u00e0 l&rsquo;avance au plus t\u00f4t<br>*** Adh\u00e9sion offerte pour les adh\u00e9rents tennis de la saison 2024\/2025 qui renouvellent leur adh\u00e9sion en 2025\/2026<br>**** Les joueurs non adh\u00e9rents doivent obligatoirement \u00eatre invit\u00e9s par un adh\u00e9rent<br><br>Dans la limite des places disponibles, licence padel non incluse \u00e0 prendre au moment de l&rsquo;inscription<\/figcaption><\/figure>\n\n\n\n<h3 class=\"wp-block-heading\"><strong>PADEL ENSEIGNEMENT<\/strong><\/h3>\n\n\n\n<p>Le TC Les Lilas proposera des sessions de cours de Padel adultes &amp; enfants (par blocs de 5h).<\/p>\n\n\n\n<p>Si vous \u00eates int\u00e9ress\u00e9s, vous pouvez nous le faire savoir en nous \u00e9crivant un email \u00e0 l&rsquo;adresse : <a href=\"mailto:contact@tcleslilas.fr?Subject=Demande Enseignement Padel\">contact@tcleslilas.fr<\/a><\/p>\n\n\n\n<p><\/p>\n\n\n\n<p><\/p>\n\n\n\n<p><\/p>\n\n\n\n<p><\/p>\n","protected":false},"excerpt":{"rendered":"<p>Saison 2025\/2026 Les tarifs TENNIS sont disponibles sur cette page. PADEL JEU LIBRECourts semi-couverts Offres Lilasien \/ +4* Non Lilasien Adh\u00e9sion Adulte Occasionnel 50 \u20ac 100 \u20ac Adh\u00e9sion Adulte R\u00e9gulier [&hellip;]<\/p>\n","protected":false},"author":3,"featured_media":0,"parent":270,"menu_order":0,"comment_status":"closed","ping_status":"closed","template":"page-moins-despacement","meta":{"_EventAllDay":false,"_EventTimezone":"","_EventStartDate":"","_EventEndDate":"","_EventStartDateUTC":"","_EventEndDateUTC":"","_EventShowMap":false,"_EventShowMapLink":false,"_EventURL":"","_EventCost":"","_EventCostDescription":"","_EventCurrencySymbol":"","_EventCurrencyCode":"","_EventCurrencyPosition":"","_EventDateTimeSeparator":"","_EventTimeRangeSeparator":"","_EventOrganizerID":[],"_EventVenueID":[],"_OrganizerEmail":"","_OrganizerPhone":"","_OrganizerWebsite":"","_VenueAddress":"","_VenueCity":"","_VenueCountry":"","_VenueProvince":"","_VenueState":"","_VenueZip":"","_VenuePhone":"","_VenueURL":"","_VenueStateProvince":"","_VenueLat":"","_VenueLng":"","_VenueShowMap":false,"_VenueShowMapLink":false,"footnotes":""},"class_list":["post-1470","page","type-page","status-publish","hentry"],"_links":{"self":[{"href":"https:\/\/tcleslilas.fr\/index.php\/wp-json\/wp\/v2\/pages\/1470","targetHints":{"allow":["GET"]}}],"collection":[{"href":"https:\/\/tcleslilas.fr\/index.php\/wp-json\/wp\/v2\/pages"}],"about":[{"href":"https:\/\/tcleslilas.fr\/index.php\/wp-json\/wp\/v2\/types\/page"}],"author":[{"embeddable":true,"href":"https:\/\/tcleslilas.fr\/index.php\/wp-json\/wp\/v2\/users\/3"}],"replies":[{"embeddable":true,"href":"https:\/\/tcleslilas.fr\/index.php\/wp-json\/wp\/v2\/comments?post=1470"}],"version-history":[{"count":6,"href":"https:\/\/tcleslilas.fr\/index.php\/wp-json\/wp\/v2\/pages\/1470\/revisions"}],"predecessor-version":[{"id":2044,"href":"https:\/\/tcleslilas.fr\/index.php\/wp-json\/wp\/v2\/pages\/1470\/revisions\/2044"}],"up":[{"embeddable":true,"href":"https:\/\/tcleslilas.fr\/index.php\/wp-json\/wp\/v2\/pages\/270"}],"wp:attachment":[{"href":"https:\/\/tcleslilas.fr\/index.php\/wp-json\/wp\/v2\/media?parent=1470"}],"curies":[{"name":"wp","href":"https:\/\/api.w.org\/{rel}","templated":true}]}}