{"id":783,"date":"2024-06-15T21:49:20","date_gmt":"2024-06-15T19:49:20","guid":{"rendered":"https:\/\/tcleslilas.fr\/?page_id=783"},"modified":"2025-07-02T14:40:37","modified_gmt":"2025-07-02T12:40:37","slug":"inscriptions","status":"publish","type":"page","link":"https:\/\/tcleslilas.fr\/index.php\/inscriptions\/","title":{"rendered":"Inscriptions"},"content":{"rendered":"\n<div class=\"wp-block-group alignfull has-accent-2-background-color has-background has-global-padding is-layout-constrained wp-container-core-group-is-layout-46d92630 wp-block-group-is-layout-constrained\" style=\"margin-top:var(--wp--preset--spacing--10);margin-bottom:var(--wp--preset--spacing--10);padding-top:var(--wp--preset--spacing--10);padding-right:var(--wp--preset--spacing--60);padding-bottom:var(--wp--preset--spacing--10);padding-left:var(--wp--preset--spacing--60)\">\n<p class=\"has-heading-font-family has-x-large-font-size\" style=\"line-height:1.2\">Le TCLL facilite les r\u00e9inscriptions et inscriptions qui se font en ligne via TenUP.<\/p>\n<\/div>\n\n\n\n<div class=\"wp-block-group alignfull has-base-2-color has-contrast-background-color has-text-color has-background has-link-color wp-elements-b6e9be87f96faa16d587d042001acc3b has-global-padding is-layout-constrained wp-container-core-group-is-layout-0d397154 wp-block-group-is-layout-constrained\" style=\"margin-top:0;margin-bottom:0;padding-top:var(--wp--preset--spacing--10);padding-right:var(--wp--preset--spacing--50);padding-bottom:var(--wp--preset--spacing--10);padding-left:var(--wp--preset--spacing--50)\">\n<h2 class=\"wp-block-heading has-text-align-center has-base-2-color has-text-color has-link-color wp-elements-1a0a27429294d05d31d14fdad5331a81\">Saison 2025 \/ 2026<\/h2>\n\n\n\n<hr class=\"wp-block-separator aligncenter has-text-color has-base-2-color has-alpha-channel-opacity has-base-2-background-color has-background is-style-default\" style=\"margin-top:var(--wp--preset--spacing--10);margin-bottom:var(--wp--preset--spacing--10)\"\/>\n\n\n\n<p class=\"has-heading-font-family\">Pour la saison prochaine, les adh\u00e9rents tennis inscrits en 2024-2025 au TCLL ont la possibilit\u00e9 de se r\u00e9inscrire directement en ligne via Ten\u2019Up et ce \u00e0 partir du 30 juin 2024.<br><br>Pour les nouveaux, d\u00e9sireux de rejoindre notre association, les inscriptions seront ouvertes vers la fin du mois de Juillet.<\/p>\n\n\n\n<p class=\"has-heading-font-family\">Les tarifs pour la saison 2025\/2026 sont disponibles <a href=\"https:\/\/tcleslilas.fr\/index.php\/le-club\/cotisations-2026\/\" data-type=\"page\" data-id=\"856\">ici<\/a><\/p>\n\n\n\n<hr class=\"wp-block-separator aligncenter has-text-color has-base-2-color has-alpha-channel-opacity has-base-2-background-color has-background is-style-default\" style=\"margin-top:var(--wp--preset--spacing--10);margin-bottom:var(--wp--preset--spacing--10)\"\/>\n\n\n\n<div class=\"wp-block-columns is-layout-flex wp-container-core-columns-is-layout-28f84493 wp-block-columns-is-layout-flex\">\n<div class=\"wp-block-column is-layout-flow wp-block-column-is-layout-flow\" style=\"flex-basis:36.5%\">\n<figure class=\"wp-block-image alignright size-full is-resized\"><img loading=\"lazy\" decoding=\"async\" width=\"512\" height=\"512\" src=\"https:\/\/tcleslilas.fr\/wp-content\/uploads\/2025\/06\/promotion_10434257.png\" alt=\"\" class=\"wp-image-1466\" style=\"width:80px;height:auto\" srcset=\"https:\/\/tcleslilas.fr\/wp-content\/uploads\/2025\/06\/promotion_10434257.png 512w, https:\/\/tcleslilas.fr\/wp-content\/uploads\/2025\/06\/promotion_10434257-300x300.png 300w, https:\/\/tcleslilas.fr\/wp-content\/uploads\/2025\/06\/promotion_10434257-150x150.png 150w\" sizes=\"auto, (max-width: 512px) 100vw, 512px\" \/><\/figure>\n<\/div>\n\n\n\n<div class=\"wp-block-column is-layout-flow wp-block-column-is-layout-flow\">\n<h4 class=\"wp-block-heading has-text-align-left has-base-2-color has-text-color has-link-color wp-elements-5d824e1ff33f0259cd625a02cf9392a8\" style=\"margin-top:var(--wp--preset--spacing--20);margin-bottom:var(--wp--preset--spacing--20)\">Nouveaut\u00e9 !<\/h4>\n<\/div>\n<\/div>\n\n\n\n<p class=\"has-heading-font-family has-medium-font-size\">Cette ann\u00e9e le TCLL offre la possibilit\u00e9 aux jeunes lilasiens (-18 ans) de b\u00e9n\u00e9ficier d&rsquo;une r\u00e9duction pouvant aller jusqu&rsquo;\u00e0 50% selon le quotient familial. <\/p>\n\n\n\n<p class=\"has-heading-font-family has-medium-font-size\">Contactez-nous si vous souhaitez en b\u00e9n\u00e9ficier (apr\u00e8s votre inscription sur TenUp)<\/p>\n\n\n\n<hr class=\"wp-block-separator aligncenter has-text-color has-base-2-color has-alpha-channel-opacity has-base-2-background-color has-background is-style-default\" style=\"margin-top:var(--wp--preset--spacing--10);margin-bottom:var(--wp--preset--spacing--10)\"\/>\n\n\n\n<p class=\"has-heading-font-family has-medium-font-size\">La proc\u00e9dure d&rsquo;inscription \/ r\u00e9inscription via Ten\u2019Up est simple et rapide. Une fois celle-ci faite, vous recevrez un email d\u00e9but septembre pour la finaliser en proc\u00e9dant au r\u00e8glement de votre licence et de votre formule.<\/p>\n\n\n\n<p class=\"has-heading-font-family has-medium-font-size\" style=\"margin-top:var(--wp--preset--spacing--10);margin-bottom:var(--wp--preset--spacing--10)\">Plusieurs possibilit\u00e9s pour ce faire :<\/p>\n\n\n\n<ul style=\"margin-top:var(--wp--preset--spacing--10);margin-bottom:var(--wp--preset--spacing--10);padding-top:0;padding-bottom:0\" class=\"wp-block-list has-heading-font-family\">\n<li>par carte bancaire en ligne (comptant ou en 4fois sans frais)<\/li>\n\n\n\n<li>par ch\u00e8que(s) au club (comptant ou 4 fois sans frais).<\/li>\n\n\n\n<li>par carte bancaire au club (1er \u00e9tage)<\/li>\n\n\n\n<li>en esp\u00e8ces au club (1er \u00e9tage)<\/li>\n<\/ul>\n\n\n\n<hr class=\"wp-block-separator has-text-color has-base-2-color has-alpha-channel-opacity has-base-2-background-color has-background is-style-default\" style=\"margin-top:var(--wp--preset--spacing--10);margin-bottom:var(--wp--preset--spacing--10)\"\/>\n\n\n\n<p class=\"has-heading-font-family\" style=\"margin-top:var(--wp--preset--spacing--10);margin-bottom:var(--wp--preset--spacing--10)\">Seule condition : avoir un compte Ten\u2019Up.<\/p>\n\n\n\n<p class=\"has-heading-font-family\" style=\"margin-top:0;margin-right:0;margin-bottom:0;margin-left:0;padding-top:0;padding-right:0;padding-bottom:0;padding-left:0\">Si vous n\u2019en avez pas, cr\u00e9ez votre compte directement sur le site ou l&rsquo;appli Ten\u2019Up.<br><br>Si vous avez d\u00e9j\u00e0 eu une licence \u00e0 la FFT, nous pouvons r\u00e9cup\u00e9rer votre licence afin de la rattacher \u00e0 votre nouveau compte Ten\u2019Up, appelez-nous au <strong>01 48 44 51 76<\/strong> si vous \u00eates dans ce cas.<br><\/p>\n\n\n\n<hr class=\"wp-block-separator has-text-color has-base-2-color has-alpha-channel-opacity has-base-2-background-color has-background is-style-default\" style=\"margin-top:var(--wp--preset--spacing--10);margin-bottom:var(--wp--preset--spacing--10)\"\/>\n\n\n\n<p class=\"has-heading-font-family\" style=\"margin-top:0;margin-right:0;margin-bottom:0;margin-left:0\">Si vous avez un compte Ten\u2019Up c&rsquo;est \u00e0 vous de jouer en cliquant sur la proc\u00e9dure de votre choix : <\/p>\n\n\n\n<div class=\"wp-block-buttons is-content-justification-center is-layout-flex wp-container-core-buttons-is-layout-a89b3969 wp-block-buttons-is-layout-flex\">\n<div class=\"wp-block-button is-style-outline is-style-outline--1\"><a class=\"wp-block-button__link has-contrast-3-background-color has-background wp-element-button\" href=\"https:\/\/tcleslilas.fr\/index.php\/inscriptions\/procedure-de-reinscription-avec-appli-tenup\/\">Appli mobile Ten&rsquo;UP<\/a><\/div>\n\n\n\n<div class=\"wp-block-button is-style-outline is-style-outline--2\"><a class=\"wp-block-button__link has-contrast-3-background-color has-background wp-element-button\" href=\"https:\/\/tcleslilas.fr\/index.php\/inscriptions\/procedure-de-reinscription-avec-le-site-tenup\/\">Site web Ten&rsquo;UP (ordinateur)<\/a><\/div>\n<\/div>\n<\/div>\n\n\n\n<p><\/p>\n","protected":false},"excerpt":{"rendered":"<p>Le TCLL facilite les r\u00e9inscriptions et inscriptions qui se font en ligne via TenUP. Saison 2025 \/ 2026 Pour la saison prochaine, les adh\u00e9rents tennis inscrits en 2024-2025 au TCLL [&hellip;]<\/p>\n","protected":false},"author":3,"featured_media":784,"parent":0,"menu_order":0,"comment_status":"closed","ping_status":"closed","template":"page-moins-despacement","meta":{"_EventAllDay":false,"_EventTimezone":"","_EventStartDate":"","_EventEndDate":"","_EventStartDateUTC":"","_EventEndDateUTC":"","_EventShowMap":false,"_EventShowMapLink":false,"_EventURL":"","_EventCost":"","_EventCostDescription":"","_EventCurrencySymbol":"","_EventCurrencyCode":"","_EventCurrencyPosition":"","_EventDateTimeSeparator":"","_EventTimeRangeSeparator":"","_EventOrganizerID":[],"_EventVenueID":[],"_OrganizerEmail":"","_OrganizerPhone":"","_OrganizerWebsite":"","_VenueAddress":"","_VenueCity":"","_VenueCountry":"","_VenueProvince":"","_VenueState":"","_VenueZip":"","_VenuePhone":"","_VenueURL":"","_VenueStateProvince":"","_VenueLat":"","_VenueLng":"","_VenueShowMap":false,"_VenueShowMapLink":false,"footnotes":""},"class_list":["post-783","page","type-page","status-publish","has-post-thumbnail","hentry"],"_links":{"self":[{"href":"https:\/\/tcleslilas.fr\/index.php\/wp-json\/wp\/v2\/pages\/783","targetHints":{"allow":["GET"]}}],"collection":[{"href":"https:\/\/tcleslilas.fr\/index.php\/wp-json\/wp\/v2\/pages"}],"about":[{"href":"https:\/\/tcleslilas.fr\/index.php\/wp-json\/wp\/v2\/types\/page"}],"author":[{"embeddable":true,"href":"https:\/\/tcleslilas.fr\/index.php\/wp-json\/wp\/v2\/users\/3"}],"replies":[{"embeddable":true,"href":"https:\/\/tcleslilas.fr\/index.php\/wp-json\/wp\/v2\/comments?post=783"}],"version-history":[{"count":28,"href":"https:\/\/tcleslilas.fr\/index.php\/wp-json\/wp\/v2\/pages\/783\/revisions"}],"predecessor-version":[{"id":1595,"href":"https:\/\/tcleslilas.fr\/index.php\/wp-json\/wp\/v2\/pages\/783\/revisions\/1595"}],"wp:featuredmedia":[{"embeddable":true,"href":"https:\/\/tcleslilas.fr\/index.php\/wp-json\/wp\/v2\/media\/784"}],"wp:attachment":[{"href":"https:\/\/tcleslilas.fr\/index.php\/wp-json\/wp\/v2\/media?parent=783"}],"curies":[{"name":"wp","href":"https:\/\/api.w.org\/{rel}","templated":true}]}}