{"id":93,"date":"2023-11-25T00:25:36","date_gmt":"2023-11-24T23:25:36","guid":{"rendered":"https:\/\/tcleslilas.fr\/?page_id=93"},"modified":"2023-12-18T19:50:55","modified_gmt":"2023-12-18T18:50:55","slug":"les-installations","status":"publish","type":"page","link":"https:\/\/tcleslilas.fr\/index.php\/le-club\/les-installations\/","title":{"rendered":"Les Installations"},"content":{"rendered":"\n<div class=\"wp-block-group alignfull has-accent-background-color has-background has-global-padding is-layout-constrained wp-container-core-group-is-layout-f6cc5ae6 wp-block-group-is-layout-constrained\" style=\"margin-top:0;margin-bottom:0;padding-top:var(--wp--preset--spacing--30);padding-right:var(--wp--preset--spacing--50);padding-bottom:var(--wp--preset--spacing--30);padding-left:var(--wp--preset--spacing--50)\">\n<div class=\"wp-block-columns alignwide is-layout-flex wp-container-core-columns-is-layout-1da03c2a wp-block-columns-is-layout-flex\">\n<div class=\"wp-block-column is-vertically-aligned-stretch is-layout-flow wp-block-column-is-layout-flow\" style=\"flex-basis:50%\">\n<p class=\"has-large-font-size\" style=\"padding-top:0;padding-right:0;padding-bottom:0;padding-left:0\">Le tennis Club Les Lilas se situe au 3 Bvd Jean Jaur\u00e8s aux Lilas et b\u00e9n\u00e9ficie d&rsquo;une situation g\u00e9ographique id\u00e9ale, entre verdure et autres \u00e9quipements sportifs. <\/p>\n<\/div>\n\n\n\n<div class=\"wp-block-column is-layout-flow wp-block-column-is-layout-flow\" style=\"flex-basis:50%\">\n<figure data-wp-context=\"{&quot;imageId&quot;:&quot;69e2ec37820ba&quot;}\" data-wp-interactive=\"core\/image\" data-wp-key=\"69e2ec37820ba\" class=\"wp-block-image size-large is-resized has-custom-border wp-lightbox-container\"><img loading=\"lazy\" decoding=\"async\" width=\"1024\" height=\"664\" data-wp-class--hide=\"state.isContentHidden\" data-wp-class--show=\"state.isContentVisible\" data-wp-init=\"callbacks.setButtonStyles\" data-wp-on--click=\"actions.showLightbox\" data-wp-on--load=\"callbacks.setButtonStyles\" data-wp-on-window--resize=\"callbacks.setButtonStyles\" src=\"https:\/\/tcleslilas.fr\/wp-content\/uploads\/2023\/11\/IMG_5168-1-1024x664.jpg\" alt=\"\" class=\"wp-image-92\" style=\"border-width:5px;border-radius:18px;width:417px;height:auto\" srcset=\"https:\/\/tcleslilas.fr\/wp-content\/uploads\/2023\/11\/IMG_5168-1-1024x664.jpg 1024w, https:\/\/tcleslilas.fr\/wp-content\/uploads\/2023\/11\/IMG_5168-1-300x195.jpg 300w, https:\/\/tcleslilas.fr\/wp-content\/uploads\/2023\/11\/IMG_5168-1-768x498.jpg 768w, https:\/\/tcleslilas.fr\/wp-content\/uploads\/2023\/11\/IMG_5168-1.jpg 1280w\" sizes=\"auto, (max-width: 1024px) 100vw, 1024px\" \/><button\n\t\t\tclass=\"lightbox-trigger\"\n\t\t\ttype=\"button\"\n\t\t\taria-haspopup=\"dialog\"\n\t\t\taria-label=\"Agrandir\"\n\t\t\tdata-wp-init=\"callbacks.initTriggerButton\"\n\t\t\tdata-wp-on--click=\"actions.showLightbox\"\n\t\t\tdata-wp-style--right=\"state.imageButtonRight\"\n\t\t\tdata-wp-style--top=\"state.imageButtonTop\"\n\t\t>\n\t\t\t<svg xmlns=\"http:\/\/www.w3.org\/2000\/svg\" width=\"12\" height=\"12\" fill=\"none\" viewBox=\"0 0 12 12\">\n\t\t\t\t<path fill=\"#fff\" d=\"M2 0a2 2 0 0 0-2 2v2h1.5V2a.5.5 0 0 1 .5-.5h2V0H2Zm2 10.5H2a.5.5 0 0 1-.5-.5V8H0v2a2 2 0 0 0 2 2h2v-1.5ZM8 12v-1.5h2a.5.5 0 0 0 .5-.5V8H12v2a2 2 0 0 1-2 2H8Zm2-12a2 2 0 0 1 2 2v2h-1.5V2a.5.5 0 0 0-.5-.5H8V0h2Z\" \/>\n\t\t\t<\/svg>\n\t\t<\/button><\/figure>\n<\/div>\n<\/div>\n<\/div>\n\n\n\n<div class=\"wp-block-group alignfull has-base-background-color has-background has-global-padding is-layout-constrained wp-container-core-group-is-layout-c7a42c40 wp-block-group-is-layout-constrained\" style=\"margin-top:0;margin-bottom:0;padding-top:var(--wp--preset--spacing--20);padding-right:var(--wp--preset--spacing--50);padding-bottom:var(--wp--preset--spacing--20);padding-left:var(--wp--preset--spacing--50)\">\n<div class=\"wp-block-group alignwide has-global-padding is-layout-constrained wp-block-group-is-layout-constrained\">\n<div class=\"wp-block-columns alignwide is-layout-flex wp-container-core-columns-is-layout-549b0c86 wp-block-columns-is-layout-flex\">\n<div class=\"wp-block-column is-layout-flow wp-block-column-is-layout-flow\" style=\"flex-basis:66.66%\">\n<figure data-wp-context=\"{&quot;imageId&quot;:&quot;69e2ec3782693&quot;}\" data-wp-interactive=\"core\/image\" data-wp-key=\"69e2ec3782693\" class=\"wp-block-image size-large is-resized has-custom-border wp-lightbox-container\"><img loading=\"lazy\" decoding=\"async\" width=\"1024\" height=\"601\" data-wp-class--hide=\"state.isContentHidden\" data-wp-class--show=\"state.isContentVisible\" data-wp-init=\"callbacks.setButtonStyles\" data-wp-on--click=\"actions.showLightbox\" data-wp-on--load=\"callbacks.setButtonStyles\" data-wp-on-window--resize=\"callbacks.setButtonStyles\" src=\"https:\/\/tcleslilas.fr\/wp-content\/uploads\/2023\/11\/Tenup-Court-B-1024x601.jpg\" alt=\"\" class=\"wp-image-102\" style=\"border-width:6px;border-radius:18px;width:539px;height:auto\" srcset=\"https:\/\/tcleslilas.fr\/wp-content\/uploads\/2023\/11\/Tenup-Court-B-1024x601.jpg 1024w, https:\/\/tcleslilas.fr\/wp-content\/uploads\/2023\/11\/Tenup-Court-B-300x176.jpg 300w, https:\/\/tcleslilas.fr\/wp-content\/uploads\/2023\/11\/Tenup-Court-B-768x450.jpg 768w, https:\/\/tcleslilas.fr\/wp-content\/uploads\/2023\/11\/Tenup-Court-B-1536x901.jpg 1536w, https:\/\/tcleslilas.fr\/wp-content\/uploads\/2023\/11\/Tenup-Court-B.jpg 1642w\" sizes=\"auto, (max-width: 1024px) 100vw, 1024px\" \/><button\n\t\t\tclass=\"lightbox-trigger\"\n\t\t\ttype=\"button\"\n\t\t\taria-haspopup=\"dialog\"\n\t\t\taria-label=\"Agrandir\"\n\t\t\tdata-wp-init=\"callbacks.initTriggerButton\"\n\t\t\tdata-wp-on--click=\"actions.showLightbox\"\n\t\t\tdata-wp-style--right=\"state.imageButtonRight\"\n\t\t\tdata-wp-style--top=\"state.imageButtonTop\"\n\t\t>\n\t\t\t<svg xmlns=\"http:\/\/www.w3.org\/2000\/svg\" width=\"12\" height=\"12\" fill=\"none\" viewBox=\"0 0 12 12\">\n\t\t\t\t<path fill=\"#fff\" d=\"M2 0a2 2 0 0 0-2 2v2h1.5V2a.5.5 0 0 1 .5-.5h2V0H2Zm2 10.5H2a.5.5 0 0 1-.5-.5V8H0v2a2 2 0 0 0 2 2h2v-1.5ZM8 12v-1.5h2a.5.5 0 0 0 .5-.5V8H12v2a2 2 0 0 1-2 2H8Zm2-12a2 2 0 0 1 2 2v2h-1.5V2a.5.5 0 0 0-.5-.5H8V0h2Z\" \/>\n\t\t\t<\/svg>\n\t\t<\/button><\/figure>\n<\/div>\n\n\n\n<div class=\"wp-block-column is-layout-flow wp-block-column-is-layout-flow\" style=\"flex-basis:33.33%\">\n<p>Le TCLL dispose de 6 courts de tennis : <br>&#8211; 3 green set couverts<br>&#8211; 1 b\u00e9ton poreux semi couvert<br>&#8211; 1 b\u00e9ton poreux Ext\u00e9rieur <br>&#8211; 1 Terre Battue Ext\u00e9rieur<br><br>Et 2 pistes de Padel semi couvert.<\/p>\n<\/div>\n<\/div>\n<\/div>\n<\/div>\n\n\n\n<div class=\"wp-block-columns is-layout-flex wp-container-core-columns-is-layout-8d88fe0f wp-block-columns-is-layout-flex\" style=\"padding-top:var(--wp--preset--spacing--20);padding-bottom:var(--wp--preset--spacing--20)\">\n<div class=\"wp-block-column is-layout-flow wp-block-column-is-layout-flow\" style=\"padding-top:var(--wp--preset--spacing--30);padding-right:0;padding-bottom:var(--wp--preset--spacing--30);padding-left:0;flex-basis:33.33%\">\n<p>La nouvelle halle a \u00e9t\u00e9 inaugur\u00e9e le 23 septembre 2023.<br><\/p>\n<\/div>\n\n\n\n<div class=\"wp-block-column is-layout-flow wp-block-column-is-layout-flow\" style=\"flex-basis:66.66%\">\n<figure data-wp-context=\"{&quot;imageId&quot;:&quot;69e2ec3782b93&quot;}\" data-wp-interactive=\"core\/image\" data-wp-key=\"69e2ec3782b93\" class=\"wp-block-image size-large is-resized has-custom-border wp-lightbox-container\"><img loading=\"lazy\" decoding=\"async\" width=\"1024\" height=\"683\" data-wp-class--hide=\"state.isContentHidden\" data-wp-class--show=\"state.isContentVisible\" data-wp-init=\"callbacks.setButtonStyles\" data-wp-on--click=\"actions.showLightbox\" data-wp-on--load=\"callbacks.setButtonStyles\" data-wp-on-window--resize=\"callbacks.setButtonStyles\" src=\"https:\/\/tcleslilas.fr\/wp-content\/uploads\/2023\/11\/DSC00285-1024x683.jpeg\" alt=\"\" class=\"wp-image-104\" style=\"border-width:5px;border-radius:17px;aspect-ratio:16\/9;object-fit:cover;width:553px;height:auto\" srcset=\"https:\/\/tcleslilas.fr\/wp-content\/uploads\/2023\/11\/DSC00285-1024x683.jpeg 1024w, https:\/\/tcleslilas.fr\/wp-content\/uploads\/2023\/11\/DSC00285-300x200.jpeg 300w, https:\/\/tcleslilas.fr\/wp-content\/uploads\/2023\/11\/DSC00285-768x512.jpeg 768w, https:\/\/tcleslilas.fr\/wp-content\/uploads\/2023\/11\/DSC00285.jpeg 1280w\" sizes=\"auto, (max-width: 1024px) 100vw, 1024px\" \/><button\n\t\t\tclass=\"lightbox-trigger\"\n\t\t\ttype=\"button\"\n\t\t\taria-haspopup=\"dialog\"\n\t\t\taria-label=\"Agrandir\"\n\t\t\tdata-wp-init=\"callbacks.initTriggerButton\"\n\t\t\tdata-wp-on--click=\"actions.showLightbox\"\n\t\t\tdata-wp-style--right=\"state.imageButtonRight\"\n\t\t\tdata-wp-style--top=\"state.imageButtonTop\"\n\t\t>\n\t\t\t<svg xmlns=\"http:\/\/www.w3.org\/2000\/svg\" width=\"12\" height=\"12\" fill=\"none\" viewBox=\"0 0 12 12\">\n\t\t\t\t<path fill=\"#fff\" d=\"M2 0a2 2 0 0 0-2 2v2h1.5V2a.5.5 0 0 1 .5-.5h2V0H2Zm2 10.5H2a.5.5 0 0 1-.5-.5V8H0v2a2 2 0 0 0 2 2h2v-1.5ZM8 12v-1.5h2a.5.5 0 0 0 .5-.5V8H12v2a2 2 0 0 1-2 2H8Zm2-12a2 2 0 0 1 2 2v2h-1.5V2a.5.5 0 0 0-.5-.5H8V0h2Z\" \/>\n\t\t\t<\/svg>\n\t\t<\/button><\/figure>\n<\/div>\n<\/div>\n\n\n\n<div class=\"wp-block-group alignfull has-global-padding is-layout-constrained wp-container-core-group-is-layout-43a88df6 wp-block-group-is-layout-constrained\" style=\"margin-top:0;margin-bottom:0;padding-top:var(--wp--preset--spacing--30);padding-right:var(--wp--preset--spacing--20);padding-bottom:var(--wp--preset--spacing--30);padding-left:var(--wp--preset--spacing--20)\">\n<div class=\"wp-block-group is-vertical is-content-justification-center is-layout-flex wp-container-core-group-is-layout-ce155fab wp-block-group-is-layout-flex\">\n<p class=\"has-text-align-center\">Vous trouverez \u00e9galement un club house, une spacieuse caf\u00e9t\u00e9ria avec une terrasse.<\/p>\n<\/div>\n\n\n\n<div style=\"height:var(--wp--preset--spacing--30)\" aria-hidden=\"true\" class=\"wp-block-spacer\"><\/div>\n\n\n\n<div class=\"wp-block-columns alignwide is-layout-flex wp-container-core-columns-is-layout-4935966c wp-block-columns-is-layout-flex\" style=\"padding-right:0;padding-left:0\">\n<div class=\"wp-block-column is-layout-flow wp-block-column-is-layout-flow\">\n<figure class=\"wp-block-image size-full is-resized has-custom-border is-style-rounded is-style-rounded--1\"><img loading=\"lazy\" decoding=\"async\" width=\"2560\" height=\"1920\" src=\"https:\/\/tcleslilas.fr\/wp-content\/uploads\/2023\/11\/Resurfacage-Court-3-scaled.jpg\" alt=\"\" class=\"wp-image-106\" style=\"border-width:3px;border-radius:17px;aspect-ratio:1;object-fit:cover;width:204px;height:auto\" srcset=\"https:\/\/tcleslilas.fr\/wp-content\/uploads\/2023\/11\/Resurfacage-Court-3-scaled.jpg 2560w, https:\/\/tcleslilas.fr\/wp-content\/uploads\/2023\/11\/Resurfacage-Court-3-300x225.jpg 300w, https:\/\/tcleslilas.fr\/wp-content\/uploads\/2023\/11\/Resurfacage-Court-3-1024x768.jpg 1024w, https:\/\/tcleslilas.fr\/wp-content\/uploads\/2023\/11\/Resurfacage-Court-3-768x576.jpg 768w, https:\/\/tcleslilas.fr\/wp-content\/uploads\/2023\/11\/Resurfacage-Court-3-1536x1152.jpg 1536w, https:\/\/tcleslilas.fr\/wp-content\/uploads\/2023\/11\/Resurfacage-Court-3-2048x1536.jpg 2048w\" sizes=\"auto, (max-width: 2560px) 100vw, 2560px\" \/><\/figure>\n<\/div>\n\n\n\n<div class=\"wp-block-column is-layout-flow wp-block-column-is-layout-flow\">\n<figure class=\"wp-block-image size-full is-resized has-custom-border is-style-rounded is-style-rounded--2\"><img loading=\"lazy\" decoding=\"async\" width=\"2016\" height=\"1512\" src=\"https:\/\/tcleslilas.fr\/wp-content\/uploads\/2023\/11\/Padel.jpg\" alt=\"\" class=\"wp-image-107\" style=\"border-width:3px;border-radius:17px;aspect-ratio:1;object-fit:cover;width:202px;height:auto\" srcset=\"https:\/\/tcleslilas.fr\/wp-content\/uploads\/2023\/11\/Padel.jpg 2016w, https:\/\/tcleslilas.fr\/wp-content\/uploads\/2023\/11\/Padel-300x225.jpg 300w, https:\/\/tcleslilas.fr\/wp-content\/uploads\/2023\/11\/Padel-1024x768.jpg 1024w, https:\/\/tcleslilas.fr\/wp-content\/uploads\/2023\/11\/Padel-768x576.jpg 768w, https:\/\/tcleslilas.fr\/wp-content\/uploads\/2023\/11\/Padel-1536x1152.jpg 1536w\" sizes=\"auto, (max-width: 2016px) 100vw, 2016px\" \/><\/figure>\n<\/div>\n\n\n\n<div class=\"wp-block-column is-layout-flow wp-block-column-is-layout-flow\">\n<figure class=\"wp-block-image size-full is-resized has-custom-border is-style-rounded is-style-rounded--3\"><img loading=\"lazy\" decoding=\"async\" width=\"2560\" height=\"1741\" src=\"https:\/\/tcleslilas.fr\/wp-content\/uploads\/2023\/11\/TCLL-Cafet-scaled.jpg\" alt=\"\" class=\"wp-image-108\" style=\"border-width:3px;border-radius:17px;aspect-ratio:1;object-fit:cover;width:199px;height:auto\" srcset=\"https:\/\/tcleslilas.fr\/wp-content\/uploads\/2023\/11\/TCLL-Cafet-scaled.jpg 2560w, https:\/\/tcleslilas.fr\/wp-content\/uploads\/2023\/11\/TCLL-Cafet-300x204.jpg 300w, https:\/\/tcleslilas.fr\/wp-content\/uploads\/2023\/11\/TCLL-Cafet-1024x696.jpg 1024w, https:\/\/tcleslilas.fr\/wp-content\/uploads\/2023\/11\/TCLL-Cafet-768x522.jpg 768w, https:\/\/tcleslilas.fr\/wp-content\/uploads\/2023\/11\/TCLL-Cafet-1536x1045.jpg 1536w, https:\/\/tcleslilas.fr\/wp-content\/uploads\/2023\/11\/TCLL-Cafet-2048x1393.jpg 2048w\" sizes=\"auto, (max-width: 2560px) 100vw, 2560px\" \/><\/figure>\n<\/div>\n\n\n\n<div class=\"wp-block-column is-layout-flow wp-block-column-is-layout-flow\">\n<figure class=\"wp-block-image size-full is-resized has-custom-border is-style-rounded is-style-rounded--4\"><img loading=\"lazy\" decoding=\"async\" width=\"600\" height=\"450\" src=\"https:\/\/tcleslilas.fr\/wp-content\/uploads\/2023\/11\/TCLL-Terrasse.jpg\" alt=\"\" class=\"wp-image-109\" style=\"border-width:3px;border-radius:17px;aspect-ratio:1;object-fit:cover;width:197px;height:auto\" srcset=\"https:\/\/tcleslilas.fr\/wp-content\/uploads\/2023\/11\/TCLL-Terrasse.jpg 600w, https:\/\/tcleslilas.fr\/wp-content\/uploads\/2023\/11\/TCLL-Terrasse-300x225.jpg 300w\" sizes=\"auto, (max-width: 600px) 100vw, 600px\" \/><\/figure>\n<\/div>\n<\/div>\n<\/div>\n\n\n","protected":false},"excerpt":{"rendered":"<p>Le tennis Club Les Lilas se situe au 3 Bvd Jean Jaur\u00e8s aux Lilas et b\u00e9n\u00e9ficie d&rsquo;une situation g\u00e9ographique id\u00e9ale, entre verdure et autres \u00e9quipements sportifs. Le TCLL dispose de [&hellip;]<\/p>\n","protected":false},"author":2,"featured_media":0,"parent":270,"menu_order":0,"comment_status":"closed","ping_status":"closed","template":"","meta":{"_EventAllDay":false,"_EventTimezone":"","_EventStartDate":"","_EventEndDate":"","_EventStartDateUTC":"","_EventEndDateUTC":"","_EventShowMap":false,"_EventShowMapLink":false,"_EventURL":"","_EventCost":"","_EventCostDescription":"","_EventCurrencySymbol":"","_EventCurrencyCode":"","_EventCurrencyPosition":"","_EventDateTimeSeparator":"","_EventTimeRangeSeparator":"","_EventOrganizerID":[],"_EventVenueID":[],"_OrganizerEmail":"","_OrganizerPhone":"","_OrganizerWebsite":"","_VenueAddress":"","_VenueCity":"","_VenueCountry":"","_VenueProvince":"","_VenueState":"","_VenueZip":"","_VenuePhone":"","_VenueURL":"","_VenueStateProvince":"","_VenueLat":"","_VenueLng":"","_VenueShowMap":false,"_VenueShowMapLink":false,"footnotes":""},"class_list":["post-93","page","type-page","status-publish","hentry"],"_links":{"self":[{"href":"https:\/\/tcleslilas.fr\/index.php\/wp-json\/wp\/v2\/pages\/93","targetHints":{"allow":["GET"]}}],"collection":[{"href":"https:\/\/tcleslilas.fr\/index.php\/wp-json\/wp\/v2\/pages"}],"about":[{"href":"https:\/\/tcleslilas.fr\/index.php\/wp-json\/wp\/v2\/types\/page"}],"author":[{"embeddable":true,"href":"https:\/\/tcleslilas.fr\/index.php\/wp-json\/wp\/v2\/users\/2"}],"replies":[{"embeddable":true,"href":"https:\/\/tcleslilas.fr\/index.php\/wp-json\/wp\/v2\/comments?post=93"}],"version-history":[{"count":9,"href":"https:\/\/tcleslilas.fr\/index.php\/wp-json\/wp\/v2\/pages\/93\/revisions"}],"predecessor-version":[{"id":121,"href":"https:\/\/tcleslilas.fr\/index.php\/wp-json\/wp\/v2\/pages\/93\/revisions\/121"}],"up":[{"embeddable":true,"href":"https:\/\/tcleslilas.fr\/index.php\/wp-json\/wp\/v2\/pages\/270"}],"wp:attachment":[{"href":"https:\/\/tcleslilas.fr\/index.php\/wp-json\/wp\/v2\/media?parent=93"}],"curies":[{"name":"wp","href":"https:\/\/api.w.org\/{rel}","templated":true}]}}